{"id":1359,"date":"2026-04-15T10:43:15","date_gmt":"2026-04-15T08:43:15","guid":{"rendered":"http:\/\/www.waldspielgruppe-kummenberg.at\/?page_id=1359"},"modified":"2026-04-15T12:06:37","modified_gmt":"2026-04-15T10:06:37","slug":"spielgruppentarife","status":"publish","type":"page","link":"http:\/\/www.waldspielgruppe-kummenberg.at\/?page_id=1359","title":{"rendered":"Spielgruppentarife"},"content":{"rendered":"\n<p><br>Unsere Waldspielgruppe bietet Ihrem Kind wertvolle Zeit in der Natur \u2013 mit viel Raum zum Entdecken, Bewegen und Wohlf\u00fchlen.<br>W\u00e4hlen Sie Ihr Wunschangebot \u2013 bereits ab&nbsp;<strong>zwei Vormittagen pro Woche<\/strong>&nbsp;ab Herbst 2026.<\/p>\n\n\n\n<p><strong>Unsere Tarife:<\/strong><br><strong>&#x1f33f; Kinder ab 2 Jahren<\/strong><br>(2. Lebensjahr bis 31.08.2026 vollendet)<br><strong>\u20ac 106,-<\/strong>&nbsp;f\u00fcr 2 Vormittage pro Monat \/ <strong>11x pro Jahr<\/strong> zu bezahlen\/ monatlich (bis zum 5ten)<\/p>\n\n\n\n<p><strong>&#x1f343; Kinder unter 2 Jahren<\/strong><br>(2. Lebensjahr bis 31.08.2026 noch nicht vollendet)<br><strong>\u20ac 136,-<\/strong>&nbsp;f\u00fcr 2 Vormittage pro Monat\/ <strong>11x pro Jahr<\/strong> zu bezahlen\/ monatlich (bis zum 5ten)<\/p>\n\n\n\n<p> <strong>&#x1f30d; Kinder ohne Hauptwohnsitz in Vorarlberg<\/strong><br><strong>\u20ac 166-<\/strong>&nbsp;f\u00fcr 2 Vormittage pro Monat\/ <strong>11x pro Jahr<\/strong> zu bezahlen\/ monatlich (bis zum 5ten)<br>zzgl.&nbsp;<strong>\u20ac 1,- F\u00f6rderbeitrag<\/strong>&nbsp; &nbsp; &nbsp; &nbsp; &nbsp; &nbsp; &nbsp;<\/p>\n\n\n\n<p>F\u00fcr Kinder, die bis zum&nbsp;<strong>31.08.2026 ihr 3. Lebensjahr vollendet haben<\/strong>, steht eine&nbsp;<strong>F\u00f6rderung<\/strong>&nbsp;zur Verf\u00fcgung, die den Monatsbeitrag&nbsp;<strong>erleichtert<\/strong>, die \u00fcber die Einrichtung abgewickelt wird.<\/p>\n\n\n\n<p><strong>&#x1f34e;<\/strong> <strong>Jause<\/strong>:<\/p>\n\n\n\n<p><strong>Frisch &amp; unkompliziert<\/strong><br>F\u00fcr eine gesunde St\u00e4rkung zwischendurch ist gesorgt:<br><strong>\u20ac 6,- pro Monat<\/strong>&nbsp;\u2013 exklusiv f\u00fcr unsere Zeit&nbsp;<em>auf der Wiese<\/em><\/p>\n\n\n\n<p><strong>Einmaliger Mitgliedsbeitrag<\/strong>:<br><br><strong>\u20ac 30,- ab Herbst 2026<\/strong>&nbsp;\u2013 Ihr Beitrag zu einer liebevoll organisierten und hochwertigen Betreuung\/ j\u00e4hrlich\/ bei Anmeldung<\/p>\n\n\n\n<p>Nach dem Probemonat wird die Anmeldung verbindlich und gilt jeweils f\u00fcr ein Betreuungsjahr. Eine Abmeldung ist anschlie\u00dfend nur zum Ende eines Semesters m\u00f6glich.\u00a0Die K\u00fcndigung muss sp\u00e4testens bis Ende J\u00e4nner schriftlich eingereicht werden.<\/p>\n","protected":false},"excerpt":{"rendered":"<p>Unsere Waldspielgruppe bietet Ihrem Kind wertvolle Zeit in der Natur \u2013 mit viel Raum zum Entdecken, Bewegen und Wohlf\u00fchlen.W\u00e4hlen Sie Ihr Wunschangebot \u2013 bereits ab&nbsp;zwei Vormittagen pro Woche&nbsp;ab Herbst 2026. Unsere Tarife:&#x1f33f; Kinder ab 2 Jahren(2. Lebensjahr bis 31.08.2026 vollendet)\u20ac 106,-&nbsp;f\u00fcr 2 Vormittage pro Monat \/ 11x pro Jahr zu bezahlen\/ monatlich (bis zum 5ten) &hellip; <\/p>\n<p class=\"link-more\"><a href=\"http:\/\/www.waldspielgruppe-kummenberg.at\/?page_id=1359\" class=\"more-link\"><span class=\"screen-reader-text\">\u201eSpielgruppentarife\u201c<\/span> weiterlesen<\/a><\/p>\n","protected":false},"author":1,"featured_media":0,"parent":0,"menu_order":0,"comment_status":"closed","ping_status":"closed","template":"","meta":{"footnotes":""},"class_list":["post-1359","page","type-page","status-publish","hentry"],"_links":{"self":[{"href":"http:\/\/www.waldspielgruppe-kummenberg.at\/index.php?rest_route=\/wp\/v2\/pages\/1359","targetHints":{"allow":["GET"]}}],"collection":[{"href":"http:\/\/www.waldspielgruppe-kummenberg.at\/index.php?rest_route=\/wp\/v2\/pages"}],"about":[{"href":"http:\/\/www.waldspielgruppe-kummenberg.at\/index.php?rest_route=\/wp\/v2\/types\/page"}],"author":[{"embeddable":true,"href":"http:\/\/www.waldspielgruppe-kummenberg.at\/index.php?rest_route=\/wp\/v2\/users\/1"}],"replies":[{"embeddable":true,"href":"http:\/\/www.waldspielgruppe-kummenberg.at\/index.php?rest_route=%2Fwp%2Fv2%2Fcomments&post=1359"}],"version-history":[{"count":6,"href":"http:\/\/www.waldspielgruppe-kummenberg.at\/index.php?rest_route=\/wp\/v2\/pages\/1359\/revisions"}],"predecessor-version":[{"id":1383,"href":"http:\/\/www.waldspielgruppe-kummenberg.at\/index.php?rest_route=\/wp\/v2\/pages\/1359\/revisions\/1383"}],"wp:attachment":[{"href":"http:\/\/www.waldspielgruppe-kummenberg.at\/index.php?rest_route=%2Fwp%2Fv2%2Fmedia&parent=1359"}],"curies":[{"name":"wp","href":"https:\/\/api.w.org\/{rel}","templated":true}]}}